{"id":35,"date":"2016-09-16T01:35:41","date_gmt":"2016-09-16T06:35:41","guid":{"rendered":"https:\/\/profesorparticulardematematica.com\/?page_id=35"},"modified":"2022-12-23T12:50:31","modified_gmt":"2022-12-23T17:50:31","slug":"contacto","status":"publish","type":"page","link":"https:\/\/profesorparticulardematematica.com\/contacto\/","title":{"rendered":"contacto"},"content":{"rendered":"<style>#kt-layout-id_f24d0c-c1 > .kt-row-column-wrap{z-index:10;position:relative;align-content:start;}:where(#kt-layout-id_f24d0c-c1 > .kt-row-column-wrap) > .wp-block-kadence-column{justify-content:start;}#kt-layout-id_f24d0c-c1 > .kt-row-column-wrap{column-gap:var(--global-kb-gap-md, 2rem);row-gap:var(--global-kb-gap-md, 2rem);padding-top:var( --global-kb-row-default-top, 25px );padding-bottom:var( --global-kb-row-default-bottom, 25px );padding-top:63px;padding-bottom:66px;grid-template-columns:minmax(0, 1fr);}#kt-layout-id_f24d0c-c1{background-image:url('https:\/\/profesorparticulardematematica.com\/wp-content\/uploads\/fondo-2.png');background-size:cover;background-position:84% 57.99999999999999%;background-attachment:scroll;background-repeat:no-repeat;}#kt-layout-id_f24d0c-c1 > .kt-row-layout-overlay{opacity:0.30;}#kt-layout-id_f24d0c-c1 .kt-row-layout-bottom-sep{height:141px;}#kt-layout-id_f24d0c-c1 .kt-row-layout-bottom-sep svg{width:121%;}#kt-layout-id_f24d0c-c1 .kt-row-layout-bottom-sep svg{fill:#ffffff!important;}@media all and (max-width: 1024px){#kt-layout-id_f24d0c-c1 > .kt-row-column-wrap{grid-template-columns:minmax(0, 1fr);}}@media all and (max-width: 1024px){#kt-layout-id_f24d0c-c1 .kt-row-layout-bottom-sep{height:px;}}@media all and (max-width: 1024px){#kt-layout-id_f24d0c-c1 .kt-row-layout-bottom-sep svg{width:%;}}@media all and (max-width: 767px){#kt-layout-id_f24d0c-c1 > .kt-row-column-wrap{grid-template-columns:minmax(0, 1fr);}#kt-layout-id_f24d0c-c1 .kt-row-layout-bottom-sep{height:px;}#kt-layout-id_f24d0c-c1 .kt-row-layout-bottom-sep svg{width:%;}}<\/style>\n<div class=\"wp-block-kadence-rowlayout alignnone\"><div id=\"kt-layout-id_f24d0c-c1\" class=\"kt-row-layout-inner kt-row-has-bg kt-layout-id_f24d0c-c1\"><div class=\"kt-row-column-wrap kt-has-1-columns kt-gutter-default kt-v-gutter-default kt-row-valign-top kt-row-layout-equal kt-tab-layout-inherit kt-m-colapse-left-to-right kt-mobile-layout-row\"><style>.kadence-column_d0f2b9-46 > .kt-inside-inner-col{border-top-width:0px;border-right-width:0px;border-bottom-width:0px;border-left-width:0px;}.kadence-column_d0f2b9-46 > .kt-inside-inner-col,.kadence-column_d0f2b9-46 > .kt-inside-inner-col:before{border-top-left-radius:0px;border-top-right-radius:0px;border-bottom-right-radius:0px;border-bottom-left-radius:0px;}.kadence-column_d0f2b9-46 > .kt-inside-inner-col{column-gap:var(--global-kb-gap-sm, 1rem);}.kadence-column_d0f2b9-46 > .kt-inside-inner-col{flex-direction:column;}.kadence-column_d0f2b9-46 > .kt-inside-inner-col > .aligncenter{width:100%;}.kadence-column_d0f2b9-46 > .kt-inside-inner-col:before{opacity:0.3;}.kadence-column_d0f2b9-46{position:relative;}@media all and (max-width: 1024px){.kadence-column_d0f2b9-46 > .kt-inside-inner-col{flex-direction:column;justify-content:center;}}@media all and (max-width: 767px){.kadence-column_d0f2b9-46 > .kt-inside-inner-col{flex-direction:column;justify-content:center;}}<\/style>\n<div class=\"wp-block-kadence-column inner-column-1 kadence-column_d0f2b9-46\"><div class=\"kt-inside-inner-col\">\n<div class=\"wp-block-columns is-layout-flex wp-container-core-columns-is-layout-2 wp-block-columns-is-layout-flex\">\n<div class=\"wp-block-column is-layout-flow wp-block-column-is-layout-flow\"><\/div>\n\n\n\n<div class=\"wp-block-column is-layout-flow wp-block-column-is-layout-flow\"><style>.wp-block-kadence-advancedheading.kt-adv-heading_d1fa50-b3, .wp-block-kadence-advancedheading.kt-adv-heading_d1fa50-b3[data-kb-block=\"kb-adv-heading_d1fa50-b3\"]{text-align:center;font-size:41px;font-style:normal;color:#223072;text-shadow:1px 5px 2px rgba(0, 0, 0, 0.2);}.wp-block-kadence-advancedheading.kt-adv-heading_d1fa50-b3 mark.kt-highlight, .wp-block-kadence-advancedheading.kt-adv-heading_d1fa50-b3[data-kb-block=\"kb-adv-heading_d1fa50-b3\"] mark.kt-highlight{font-style:normal;color:#f76a0c;-webkit-box-decoration-break:clone;box-decoration-break:clone;padding-top:0px;padding-right:0px;padding-bottom:0px;padding-left:0px;}@media all and (max-width: 1024px){.wp-block-kadence-advancedheading.kt-adv-heading_d1fa50-b3, .wp-block-kadence-advancedheading.kt-adv-heading_d1fa50-b3[data-kb-block=\"kb-adv-heading_d1fa50-b3\"]{text-shadow:1px 5px 2px rgba(0, 0, 0, 0.2);}}@media all and (max-width: 767px){.wp-block-kadence-advancedheading.kt-adv-heading_d1fa50-b3, .wp-block-kadence-advancedheading.kt-adv-heading_d1fa50-b3[data-kb-block=\"kb-adv-heading_d1fa50-b3\"]{text-shadow:1px 5px 2px rgba(0, 0, 0, 0.2);}}<\/style>\n<h1 class=\"kt-adv-heading_d1fa50-b3 wp-block-kadence-advancedheading\" data-kb-block=\"kb-adv-heading_d1fa50-b3\">CONT\u00c1CTANOS<\/h1>\n\n\n\n<p class=\"has-text-align-center has-medium-font-size\">Escr\u00edbenos de forma instant\u00e1nea, te contestaremos al segundo, aqu\u00ed:<\/p>\n\n\n\n<div class=\"wp-block-columns is-layout-flex wp-container-core-columns-is-layout-1 wp-block-columns-is-layout-flex\">\n<div class=\"wp-block-column is-layout-flow wp-block-column-is-layout-flow\"><style>.wp-block-kadence-advancedbtn.kb-btns_6250c0-d3{gap:var(--global-kb-gap-xs, 0.5rem );justify-content:flex-end;align-items:center;}.kt-btns_6250c0-d3 .kt-button{font-weight:normal;font-style:normal;}.kt-btns_6250c0-d3 .kt-btn-wrap-0{margin-right:5px;}.wp-block-kadence-advancedbtn.kt-btns_6250c0-d3 .kt-btn-wrap-0 .kt-button{color:#ffffff;background:#223072;border-color:#555555;}.wp-block-kadence-advancedbtn.kt-btns_6250c0-d3 .kt-btn-wrap-0 .kt-button:hover, .wp-block-kadence-advancedbtn.kt-btns_6250c0-d3 .kt-btn-wrap-0 .kt-button:focus{color:#ffffff;border-color:#444444;}.wp-block-kadence-advancedbtn.kt-btns_6250c0-d3 .kt-btn-wrap-0 .kt-button::before{display:none;}.wp-block-kadence-advancedbtn.kt-btns_6250c0-d3 .kt-btn-wrap-0 .kt-button:hover, .wp-block-kadence-advancedbtn.kt-btns_6250c0-d3 .kt-btn-wrap-0 .kt-button:focus{background:#444444;}<\/style>\n<div class=\"wp-block-kadence-advancedbtn kt-btn-align-right kt-btn-tablet-align-inherit kt-btn-mobile-align-inherit kt-btns-wrap kt-btns_6250c0-d3\"><div class=\"kt-btn-wrap kt-btn-wrap-0\"><a class=\"kt-button button kt-btn-0-action kt-btn-size-standard kt-btn-style-basic kt-btn-svg-show-always kt-btn-has-text-true kt-btn-has-svg-true\" href=\"tel:981850495 \"><span class=\"kt-btn-inner-text\">981 850 495<\/span><div style=\"display:inline-flex;justify-content:center;align-items:center\" class=\"kt-btn-svg-icon kt-btn-svg-icon-fe_phoneCall kt-btn-side-right\"><svg style=\"display:inline-block;vertical-align:middle\" viewBox=\"0 0 24 24\" height=\"1em\" width=\"1em\" fill=\"none\" stroke=\"currentColor\" xmlns=\"http:\/\/www.w3.org\/2000\/svg\" stroke-width=\"2\" stroke-linecap=\"round\" stroke-linejoin=\"round\"><path d=\"M15.05 5A5 5 0 0 1 19 8.95M15.05 1A9 9 0 0 1 23 8.94m-1 7.98v3a2 2 0 0 1-2.18 2 19.79 19.79 0 0 1-8.63-3.07 19.5 19.5 0 0 1-6-6 19.79 19.79 0 0 1-3.07-8.67A2 2 0 0 1 4.11 2h3a2 2 0 0 1 2 1.72 12.84 12.84 0 0 0 .7 2.81 2 2 0 0 1-.45 2.11L8.09 9.91a16 16 0 0 0 6 6l1.27-1.27a2 2 0 0 1 2.11-.45 12.84 12.84 0 0 0 2.81.7A2 2 0 0 1 22 16.92z\"><\/path><\/svg><\/div><\/a><\/div><\/div>\n<\/div>\n\n\n\n<div class=\"wp-block-column is-layout-flow wp-block-column-is-layout-flow\"><style>.wp-block-kadence-advancedbtn.kb-btns_b6b8e5-d2{gap:var(--global-kb-gap-xs, 0.5rem );justify-content:flex-start;align-items:center;}.kt-btns_b6b8e5-d2 .kt-button{font-weight:normal;font-style:normal;}.kt-btns_b6b8e5-d2 .kt-btn-wrap-0{margin-right:5px;}.wp-block-kadence-advancedbtn.kt-btns_b6b8e5-d2 .kt-btn-wrap-0 .kt-button{color:#ffffff;background:#223072;border-color:#223072;}.wp-block-kadence-advancedbtn.kt-btns_b6b8e5-d2 .kt-btn-wrap-0 .kt-button:hover, .wp-block-kadence-advancedbtn.kt-btns_b6b8e5-d2 .kt-btn-wrap-0 .kt-button:focus{color:#ffffff;border-color:#444444;}.wp-block-kadence-advancedbtn.kt-btns_b6b8e5-d2 .kt-btn-wrap-0 .kt-button::before{display:none;}.wp-block-kadence-advancedbtn.kt-btns_b6b8e5-d2 .kt-btn-wrap-0 .kt-button:hover, .wp-block-kadence-advancedbtn.kt-btns_b6b8e5-d2 .kt-btn-wrap-0 .kt-button:focus{background:#444444;}<\/style>\n<div class=\"wp-block-kadence-advancedbtn kt-btn-align-left kt-btn-tablet-align-inherit kt-btn-mobile-align-inherit kt-btns-wrap kt-btns_b6b8e5-d2\"><div class=\"kt-btn-wrap kt-btn-wrap-0\"><a class=\"kt-button button kt-btn-0-action kt-btn-size-standard kt-btn-style-basic kt-btn-svg-show-always kt-btn-has-text-true kt-btn-has-svg-true\" href=\"#\"><span class=\"kt-btn-inner-text\">WhatsApp <\/span><div style=\"display:inline-flex;justify-content:center;align-items:center\" class=\"kt-btn-svg-icon kt-btn-svg-icon-fa_whatsapp kt-btn-side-right\"><svg style=\"display:inline-block;vertical-align:middle\" viewBox=\"0 0 448 512\" height=\"1em\" width=\"1em\" fill=\"currentColor\" xmlns=\"http:\/\/www.w3.org\/2000\/svg\" preserveAspectRatio=\"xMinYMin meet\"><path d=\"M380.9 97.1C339 55.1 283.2 32 223.9 32c-122.4 0-222 99.6-222 222 0 39.1 10.2 77.3 29.6 111L0 480l117.7-30.9c32.4 17.7 68.9 27 106.1 27h.1c122.3 0 224.1-99.6 224.1-222 0-59.3-25.2-115-67.1-157zm-157 341.6c-33.2 0-65.7-8.9-94-25.7l-6.7-4-69.8 18.3L72 359.2l-4.4-7c-18.5-29.4-28.2-63.3-28.2-98.2 0-101.7 82.8-184.5 184.6-184.5 49.3 0 95.6 19.2 130.4 54.1 34.8 34.9 56.2 81.2 56.1 130.5 0 101.8-84.9 184.6-186.6 184.6zm101.2-138.2c-5.5-2.8-32.8-16.2-37.9-18-5.1-1.9-8.8-2.8-12.5 2.8-3.7 5.6-14.3 18-17.6 21.8-3.2 3.7-6.5 4.2-12 1.4-32.6-16.3-54-29.1-75.5-66-5.7-9.8 5.7-9.1 16.3-30.3 1.8-3.7.9-6.9-.5-9.7-1.4-2.8-12.5-30.1-17.1-41.2-4.5-10.8-9.1-9.3-12.5-9.5-3.2-.2-6.9-.2-10.6-.2-3.7 0-9.7 1.4-14.8 6.9-5.1 5.6-19.4 19-19.4 46.3 0 27.3 19.9 53.7 22.6 57.4 2.8 3.7 39.1 59.7 94.8 83.8 35.2 15.2 49 16.5 66.6 13.9 10.7-1.6 32.8-13.4 37.4-26.4 4.6-13 4.6-24.1 3.2-26.4-1.3-2.5-5-3.9-10.5-6.6z\"><\/path><\/svg><\/div><\/a><\/div><\/div>\n<\/div>\n<\/div>\n<\/div>\n<\/div>\n<\/div><\/div>\n<\/div><div class=\"kt-row-layout-bottom-sep kt-row-sep-type-threelevelsi\"><svg style=\"fill:#ffffff\" viewBox=\"0 0 1000 100\" preserveAspectRatio=\"none\"><path style=\"opacity:0.33\" d=\"M1000 95L0 0v100h1000v-5z\"><\/path><path style=\"opacity:0.66\" d=\"M1000 95L0 27.056V100h1000v-5z\"><\/path><path d=\"M1000 95L0 54.113V100h1000v-5z\"><\/path><\/svg><\/div><\/div><\/div>\n\n\n<p>\u00a0<\/p>\n<p>O tambi\u00e9n escr\u00edbenos todas tus\u00a0consultas por aqu\u00ed y te responderemos de inmediato<\/p>\n<p>[contact-form-7 id=\u00bb175&#8243; title=\u00bbFormulario barra derecha\u00bb]<\/p>\n<p>\u00a0<\/p>\n<p>Escr\u00edbenos tambi\u00e9n \u00a0directamente al Whatsapp \u00a0 <a href=\"http:\/\/+51981850495\">981850495\u00a0<\/a> \u00a0 \u00a0 \u00a0 \u00a0 \u00a0 \u00a0 \u00a0 \u00a0 \u00a0 \u00a0 \u00a0 <a href=\"https:\/\/profesorparticulardematematica.com\/wp-content\/uploads\/2016\/09\/foto-de-whatsapp.png\"><img loading=\"lazy\" decoding=\"async\" class=\"wp-image-258 alignright\" src=\"https:\/\/profesorparticulardematematica.com\/wp-content\/uploads\/2016\/09\/foto-de-whatsapp-297x300.png\" alt=\"profesor matematica, fisica\" width=\"148\" height=\"149\" srcset=\"https:\/\/profesorparticulardematematica.com\/wp-content\/uploads\/2016\/09\/foto-de-whatsapp-297x300.png 297w, https:\/\/profesorparticulardematematica.com\/wp-content\/uploads\/2016\/09\/foto-de-whatsapp-150x150.png 150w, https:\/\/profesorparticulardematematica.com\/wp-content\/uploads\/2016\/09\/foto-de-whatsapp-768x777.png 768w, https:\/\/profesorparticulardematematica.com\/wp-content\/uploads\/2016\/09\/foto-de-whatsapp-1013x1024.png 1013w, https:\/\/profesorparticulardematematica.com\/wp-content\/uploads\/2016\/09\/foto-de-whatsapp-103x103.png 103w, https:\/\/profesorparticulardematematica.com\/wp-content\/uploads\/2016\/09\/foto-de-whatsapp-100x100.png 100w, https:\/\/profesorparticulardematematica.com\/wp-content\/uploads\/2016\/09\/foto-de-whatsapp-69x70.png 69w, https:\/\/profesorparticulardematematica.com\/wp-content\/uploads\/2016\/09\/foto-de-whatsapp-381x385.png 381w, https:\/\/profesorparticulardematematica.com\/wp-content\/uploads\/2016\/09\/foto-de-whatsapp.png 1150w\" sizes=\"(max-width: 148px) 100vw, 148px\" \/><\/a><\/p>\n<p>\u00a0<\/p>","protected":false},"excerpt":{"rendered":"<p>CONT\u00c1CTANOS Escr\u00edbenos de forma instant\u00e1nea, te contestaremos al segundo, aqu\u00ed: \u00a0 O tambi\u00e9n escr\u00edbenos todas tus\u00a0consultas por aqu\u00ed y te responderemos de inmediato [contact-form-7 id=\u00bb175&#8243; title=\u00bbFormulario barra derecha\u00bb] \u00a0 Escr\u00edbenos tambi\u00e9n \u00a0directamente al Whatsapp \u00a0 981850495\u00a0 \u00a0 \u00a0 \u00a0 \u00a0 \u00a0 \u00a0 \u00a0 \u00a0 \u00a0 \u00a0 \u00a0 \u00a0<\/p>\n","protected":false},"author":1,"featured_media":0,"parent":0,"menu_order":0,"comment_status":"closed","ping_status":"closed","template":"","meta":{"_kad_blocks_custom_css":"","_kad_blocks_head_custom_js":"","_kad_blocks_body_custom_js":"","_kad_blocks_footer_custom_js":"","_kad_post_transparent":"","_kad_post_title":"hide","_kad_post_layout":"fullwidth","_kad_post_sidebar_id":"","_kad_post_content_style":"unboxed","_kad_post_vertical_padding":"hide","_kad_post_feature":"hide","_kad_post_feature_position":"","_kad_post_header":false,"_kad_post_footer":false,"footnotes":""},"class_list":["post-35","page","type-page","status-publish","hentry"],"taxonomy_info":[],"featured_image_src_large":false,"author_info":{"display_name":"Universidad en Tu Casa","author_link":"https:\/\/profesorparticulardematematica.com\/author\/jitvcn\/"},"comment_info":0,"_links":{"self":[{"href":"https:\/\/profesorparticulardematematica.com\/?rest_route=\/wp\/v2\/pages\/35"}],"collection":[{"href":"https:\/\/profesorparticulardematematica.com\/?rest_route=\/wp\/v2\/pages"}],"about":[{"href":"https:\/\/profesorparticulardematematica.com\/?rest_route=\/wp\/v2\/types\/page"}],"author":[{"embeddable":true,"href":"https:\/\/profesorparticulardematematica.com\/?rest_route=\/wp\/v2\/users\/1"}],"replies":[{"embeddable":true,"href":"https:\/\/profesorparticulardematematica.com\/?rest_route=%2Fwp%2Fv2%2Fcomments&post=35"}],"version-history":[{"count":1,"href":"https:\/\/profesorparticulardematematica.com\/?rest_route=\/wp\/v2\/pages\/35\/revisions"}],"predecessor-version":[{"id":950,"href":"https:\/\/profesorparticulardematematica.com\/?rest_route=\/wp\/v2\/pages\/35\/revisions\/950"}],"wp:attachment":[{"href":"https:\/\/profesorparticulardematematica.com\/?rest_route=%2Fwp%2Fv2%2Fmedia&parent=35"}],"curies":[{"name":"wp","href":"https:\/\/api.w.org\/{rel}","templated":true}]}}