{"id":765,"date":"2020-09-07T20:30:41","date_gmt":"2020-09-08T01:30:41","guid":{"rendered":"https:\/\/profesorparticulardematematica.com\/?page_id=765"},"modified":"2020-10-17T03:30:22","modified_gmt":"2020-10-17T08:30:22","slug":"clases-de-medicina","status":"publish","type":"page","link":"https:\/\/profesorparticulardematematica.com\/clases-de-medicina\/","title":{"rendered":"Clases de Medicina Online"},"content":{"rendered":"<p style=\"text-align: justify;\"><span style=\"font-family: tahoma, arial, helvetica, sans-serif;\">La Medicina es una de las carreras profesionales m\u00e1s exigentes en el \u00e1mbito profesional, no es para menos, los m\u00e9dicos d\u00eda a d\u00eda se enfrentan a m\u00faltiples retos para poder tratar a sus pacientes de la mejor manera posible. Por esa raz\u00f3n se dice que la Medicina es una carrera en permanente actualizaci\u00f3n. Si est\u00e1s iniciando este camino o quiz\u00e1s ya est\u00e1s a media marcha <strong>\u00abProfesorparticular\u00bb<\/strong> te brindamos clases de medicina online o a domicilio. Si necesitas mejorar tu desempe\u00f1o acad\u00e9mico, reforzar algunos conceptos o prepararte para un examen importante, est\u00e1s en el lugar correcto. Ll\u00e1manos al\u00a0 <span class=\"s1\"><a href=\"tel:981850495\"><span class=\"s2\">981850495<\/span><\/a><\/span> y programa tus clases hoy mismo.<\/span><\/p>\n<h2><strong><span style=\"font-family: tahoma, arial, helvetica, sans-serif;\">\u00bfEn Qu\u00e9 Consisten Nuestras Clases de Medicina?<\/span><\/strong><\/h2>\n<p style=\"text-align: justify;\"><span style=\"font-family: tahoma, arial, helvetica, sans-serif;\">El eje central de nuestras clases, es reforzar los conocimientos adquiridos en el aula, mediante clases personalizadas y ajustadas a cada estudiante. Nuestra mayor fortaleza es contar con un equipo de profesionales de diferentes especialidades de la medicina y con amplia experiencia pedag\u00f3gica, para cumplir los objetivos de cada estudiante como la aprobaci\u00f3n de un examen o un proceso de mayor acompa\u00f1amiento en aquellos casos en los que buscas subir tus calificaciones.<\/span><\/p>\n<h2><span style=\"font-family: tahoma, arial, helvetica, sans-serif;\"><strong>\u00bfC\u00f3mo Puedes Programar Nuestras Clases de Medicina Online?<\/strong><\/span><\/h2>\n<p><img loading=\"lazy\" decoding=\"async\" class=\"aligncenter size-full wp-image-771\" src=\"https:\/\/profesorparticulardematematica.com\/wp-content\/uploads\/maestro-de-medicina.jpg\" alt=\"clases de medicina primer semestre\" width=\"512\" height=\"341\" srcset=\"https:\/\/profesorparticulardematematica.com\/wp-content\/uploads\/maestro-de-medicina.jpg 512w, https:\/\/profesorparticulardematematica.com\/wp-content\/uploads\/maestro-de-medicina-300x200.jpg 300w\" sizes=\"(max-width: 512px) 100vw, 512px\" \/><\/p>\n<p style=\"text-align: justify;\"><span style=\"font-family: tahoma, arial, helvetica, sans-serif;\">Acceder a nuestras clases es muy sencillo. Lo primero que debes hacer es comunicarte con nosotros a la l\u00ednea <span class=\"s1\"><span class=\"s2\"><a href=\"tel:981850495\">981850495<\/a> donde te har\u00e1n una serie de preguntas para escoger un profesor que se ajuste a tu nivel acad\u00e9mico. Una vez definido esto, podr\u00e1s decidir si necesitas una clase puntual o quieres un paquete de clases, todo depender\u00e1 de cu\u00e1les son tus objetivos al decidir tomar clases particulares. Al definir que tipo de clase quieres, ya podr\u00e1s agendar tu clase en el horario que mejor te convenga y por el tiempo que lo necesites. As\u00ed de f\u00e1cil programas una clase en <strong>\u00abProfesorparticular\u00bb.<\/strong><\/span><\/span><\/span><\/p>\n<h2 style=\"text-align: justify;\"><strong><span style=\"font-family: tahoma, arial, helvetica, sans-serif;\">\u00bfQu\u00e9 Ventajas te Brindamos al Contratar un Profesor de Medicina a Domicilio?<\/span><\/strong><\/h2>\n<p style=\"text-align: justify;\"><span style=\"font-family: tahoma, arial, helvetica, sans-serif;\">Muchos estudiantes piensan que deben contratar un profesor a domicilio, solo si sus calificaciones van mal o si hay alg\u00fan tema que no est\u00e1 del todo claro. Sin embargo la realidad es que contratar un profesor particular puede ser un importante potencializador de tus habilidades, que te permitir\u00e1 conseguir diversos objetivos al margen de tener buenas notas. Por ello queremos contarte las ventajas de contratar uno de nuestros docentes de medicina:<\/span><\/p>\n<ul>\n<li style=\"text-align: justify;\"><span style=\"font-family: tahoma, arial, helvetica, sans-serif;\">Formaci\u00f3n a tu ritmo pues las clases son totalmente personalizadas donde el tiempo del profesor es completamente para ti, lo que te permite avanzar en tus tiempos.<\/span><\/li>\n<li><span style=\"font-family: tahoma, arial, helvetica, sans-serif;\">Aprender nuevas t\u00e9cnicas de concentraci\u00f3n<\/span><\/li>\n<li><span style=\"font-family: tahoma, arial, helvetica, sans-serif;\">Abordar contenidos con mayor detenimiento<\/span><\/li>\n<li><span style=\"font-family: tahoma, arial, helvetica, sans-serif;\">Resolver inquietudes en el momento justo<\/span><\/li>\n<\/ul>\n<h2 style=\"text-align: justify;\"><strong><span style=\"font-family: tahoma, arial, helvetica, sans-serif;\">\u00bfD\u00f3nde Brindamos Nuestras Clases de Medicina a Domicilio?<\/span><\/strong><\/h2>\n<p><img loading=\"lazy\" decoding=\"async\" class=\"aligncenter size-full wp-image-773\" src=\"https:\/\/profesorparticulardematematica.com\/wp-content\/uploads\/clases-de-medicina-convencional-.jpg\" alt=\"clases de medicina en l\u00ednea#\" width=\"800\" height=\"450\" srcset=\"https:\/\/profesorparticulardematematica.com\/wp-content\/uploads\/clases-de-medicina-convencional-.jpg 800w, https:\/\/profesorparticulardematematica.com\/wp-content\/uploads\/clases-de-medicina-convencional--300x169.jpg 300w, https:\/\/profesorparticulardematematica.com\/wp-content\/uploads\/clases-de-medicina-convencional--768x432.jpg 768w\" sizes=\"(max-width: 800px) 100vw, 800px\" \/><\/p>\n<p style=\"text-align: justify;\"><span style=\"font-family: tahoma, arial, helvetica, sans-serif;\">Tenemos cobertura en los principales Distritos de Lima, a donde puedes contratar cualquiera de nuestros docentes en nuestros horarios de atenci\u00f3n: de lunes a viernes de 8:00 AM a 7:00 PM, s\u00e1bados de 9:00 AM a 4:00 PM en jornada continua. Si necesitas una clase express un domingo o festivo, rel\u00e1jate, puedes programarla con m\u00ednimo 24 horas de anticipaci\u00f3n por una tarifa especial. Estos son los distritos donde puedes encontrarnos:<\/span><\/p>\n<ul>\n<li>\n<h3><span style=\"font-family: tahoma, arial, helvetica, sans-serif;\">San Borja<\/span><\/h3>\n<\/li>\n<li>\n<h3><span style=\"font-family: tahoma, arial, helvetica, sans-serif;\">San Isidro<\/span><\/h3>\n<\/li>\n<li>\n<h3><span style=\"font-family: tahoma, arial, helvetica, sans-serif;\">La Molina<\/span><\/h3>\n<\/li>\n<li>\n<h3><span style=\"font-family: tahoma, arial, helvetica, sans-serif;\">Miraflores<\/span><\/h3>\n<\/li>\n<li>\n<h3><span style=\"font-family: tahoma, arial, helvetica, sans-serif;\">Surco<\/span><\/h3>\n<\/li>\n<\/ul>\n<h2><span style=\"font-family: tahoma, arial, helvetica, sans-serif;\"><strong>\u00bfSobre Qu\u00e9 Tipo de Medicina Dictamos Nuestras Clases?<\/strong><\/span><\/h2>\n<p style=\"text-align: justify;\"><span style=\"font-family: tahoma, arial, helvetica, sans-serif;\">La medicina es una una ciencia muy amplia por lo que abarca much\u00edsimos temas y por ende gran cantidad de informaci\u00f3n. Nuestro equipo docente cuenta con una formaci\u00f3n multidisciplinaria que permite tratar muchos de estos temas. Planificamos gran parte de nuestros contenidos, de acuerdo a la mayor\u00eda de inquietudes de nuestros estudiantes. Estas son algunas de las ramas que puedes encontrar en nuestras clases:<\/span><\/p>\n<ul style=\"list-style-type: circle;\">\n<li>\n<h3><span style=\"font-family: tahoma, arial, helvetica, sans-serif;\"><strong>Medicina General<\/strong><\/span><\/h3>\n<\/li>\n<li>\n<h3><span style=\"font-family: tahoma, arial, helvetica, sans-serif;\"><strong>Medicina Alternativa<\/strong><\/span><\/h3>\n<\/li>\n<li>\n<h3><span style=\"font-family: tahoma, arial, helvetica, sans-serif;\"><strong>Medicina Natural<\/strong><\/span><\/h3>\n<\/li>\n<li>\n<h3><span style=\"font-family: tahoma, arial, helvetica, sans-serif;\"><strong>Medicina Interna<\/strong><\/span><\/h3>\n<\/li>\n<li>\n<h3><span style=\"font-family: tahoma, arial, helvetica, sans-serif;\"><strong>Medicina Forense<\/strong><\/span><\/h3>\n<\/li>\n<li>\n<h3><span style=\"font-family: tahoma, arial, helvetica, sans-serif;\"><strong>Bioqu\u00edmica<\/strong><\/span><\/h3>\n<\/li>\n<\/ul>\n<h2 style=\"text-align: justify;\"><span style=\"font-family: tahoma, arial, helvetica, sans-serif;\"><strong>\u00bfPor Qu\u00e9 Nuestros Cursos de Medicina Online Son La Mejor Elecci\u00f3n?<\/strong><\/span><\/h2>\n<p><img loading=\"lazy\" decoding=\"async\" class=\"aligncenter size-full wp-image-774\" src=\"https:\/\/profesorparticulardematematica.com\/wp-content\/uploads\/clases-de-medicina-primer-an\u0303o.jpg\" alt=\"cursos de medicina para principiantes\" width=\"675\" height=\"365\" srcset=\"https:\/\/profesorparticulardematematica.com\/wp-content\/uploads\/clases-de-medicina-primer-an\u0303o.jpg 675w, https:\/\/profesorparticulardematematica.com\/wp-content\/uploads\/clases-de-medicina-primer-an\u0303o-300x162.jpg 300w\" sizes=\"(max-width: 675px) 100vw, 675px\" \/><\/p>\n<p style=\"text-align: justify;\"><span style=\"font-family: tahoma, arial, helvetica, sans-serif;\">Estudiar Medicina no es una tarea f\u00e1cil, pero estudiar con la gu\u00eda de un profesor que personaliza sus clases a tus inquietudes, puede marcar la diferencia. Parte de nuestro \u00e9xito es ense\u00f1arte a estudiar de manera planificada y eso implica organizar y priorizar tus objetivos. En <strong>\u00abProfesorparticular\u00bb<\/strong> estamos convencidos de que la mejor manera de obtener frutos es establecer tus metas y con base en ellas dise\u00f1ar un plan de estudio que te permita cumplirlas, por ello quien da la pauta en nuestras clases, eres t\u00fa.<\/span><\/p>\n<h2><strong><span style=\"font-family: tahoma, arial, helvetica, sans-serif;\">\u00bfQu\u00e9 Objetivos Te Ayudamos a Cumplir con Nuestras Clases Particulares de Medicina?<\/span><\/strong><\/h2>\n<p style=\"text-align: justify;\"><span style=\"font-family: tahoma, arial, helvetica, sans-serif;\">Si est\u00e1s leyendo estas l\u00edneas posiblemente est\u00e1s buscando un profesor de medicina para reforzar lo visto en clase o de pronto necesitas subir tus notas acad\u00e9micas. Cualquiera que sea tu objetivo, ac\u00e1 te contamos que objetivo puede cumplir estudiando con <strong>\u00abProfesorparticular\u00bb<\/strong>:<\/span><\/p>\n<ul>\n<li><span style=\"font-family: tahoma, arial, helvetica, sans-serif;\">Establecer una rutina planificada de estudio que permitir\u00e1 resolver con m\u00e1s \u00e9xito cualquier tipo de examen<\/span><\/li>\n<li><span style=\"font-family: tahoma, arial, helvetica, sans-serif;\">Profundizar en \u00e1reas espec\u00edficas tus temas de mayor inter\u00e9s\u00a0<\/span><\/li>\n<li><span style=\"font-family: tahoma, arial, helvetica, sans-serif;\">Aprobar las asignaturas en las que puedas tener un rendimiento acad\u00e9mico bajo<\/span><\/li>\n<li><span style=\"font-family: tahoma, arial, helvetica, sans-serif;\">Aprobar ex\u00e1menes parciales\u00a0<\/span><\/li>\n<li><span style=\"font-family: tahoma, arial, helvetica, sans-serif;\">Trazar estrategias para estudiar de manera m\u00e1s efectiva<\/span><\/li>\n<\/ul>\n<p><img loading=\"lazy\" decoding=\"async\" class=\"aligncenter size-full wp-image-778\" src=\"https:\/\/profesorparticulardematematica.com\/wp-content\/uploads\/maestro-de-la-medicina.jpg\" alt=\"curso de medicina natural en Lima\" width=\"500\" height=\"333\" srcset=\"https:\/\/profesorparticulardematematica.com\/wp-content\/uploads\/maestro-de-la-medicina.jpg 500w, https:\/\/profesorparticulardematematica.com\/wp-content\/uploads\/maestro-de-la-medicina-300x200.jpg 300w\" sizes=\"(max-width: 500px) 100vw, 500px\" \/><\/p>\n<p style=\"text-align: justify;\"><span style=\"font-family: tahoma, arial, helvetica, sans-serif;\">Empieza una nueva etapa de estudios con nuestras clases particulares de medicina y alcanza nuevos logros de la mano de nuestro equipo. Llama ya <span class=\"s1\"><span class=\"s2\"><a href=\"tel:981850495\">981850495<\/a> <\/span><\/span>y agenda tu primera clase.<\/span><\/p>\n","protected":false},"excerpt":{"rendered":"<p>La Medicina es una de las carreras profesionales m\u00e1s exigentes en el \u00e1mbito profesional, no es para menos, los m\u00e9dicos d\u00eda a d\u00eda se enfrentan a m\u00faltiples retos para poder tratar a sus pacientes de la mejor manera posible. Por esa raz\u00f3n se dice que la Medicina es una carrera en permanente actualizaci\u00f3n. Si est\u00e1s&#8230;<\/p>\n","protected":false},"author":1,"featured_media":768,"parent":0,"menu_order":0,"comment_status":"closed","ping_status":"closed","template":"","meta":{"_kad_blocks_custom_css":"","_kad_blocks_head_custom_js":"","_kad_blocks_body_custom_js":"","_kad_blocks_footer_custom_js":"","_kad_post_transparent":"","_kad_post_title":"","_kad_post_layout":"","_kad_post_sidebar_id":"","_kad_post_content_style":"","_kad_post_vertical_padding":"","_kad_post_feature":"","_kad_post_feature_position":"","_kad_post_header":false,"_kad_post_footer":false,"footnotes":""},"class_list":["post-765","page","type-page","status-publish","has-post-thumbnail","hentry"],"taxonomy_info":[],"featured_image_src_large":["https:\/\/profesorparticulardematematica.com\/wp-content\/uploads\/cuantas-clases-de-medicina-hay-.jpg",807,583,false],"author_info":{"display_name":"Universidad en Tu Casa","author_link":"https:\/\/profesorparticulardematematica.com\/author\/jitvcn\/"},"comment_info":0,"_links":{"self":[{"href":"https:\/\/profesorparticulardematematica.com\/?rest_route=\/wp\/v2\/pages\/765"}],"collection":[{"href":"https:\/\/profesorparticulardematematica.com\/?rest_route=\/wp\/v2\/pages"}],"about":[{"href":"https:\/\/profesorparticulardematematica.com\/?rest_route=\/wp\/v2\/types\/page"}],"author":[{"embeddable":true,"href":"https:\/\/profesorparticulardematematica.com\/?rest_route=\/wp\/v2\/users\/1"}],"replies":[{"embeddable":true,"href":"https:\/\/profesorparticulardematematica.com\/?rest_route=%2Fwp%2Fv2%2Fcomments&post=765"}],"version-history":[{"count":11,"href":"https:\/\/profesorparticulardematematica.com\/?rest_route=\/wp\/v2\/pages\/765\/revisions"}],"predecessor-version":[{"id":852,"href":"https:\/\/profesorparticulardematematica.com\/?rest_route=\/wp\/v2\/pages\/765\/revisions\/852"}],"wp:featuredmedia":[{"embeddable":true,"href":"https:\/\/profesorparticulardematematica.com\/?rest_route=\/wp\/v2\/media\/768"}],"wp:attachment":[{"href":"https:\/\/profesorparticulardematematica.com\/?rest_route=%2Fwp%2Fv2%2Fmedia&parent=765"}],"curies":[{"name":"wp","href":"https:\/\/api.w.org\/{rel}","templated":true}]}}